{"id":4850,"date":"2025-02-06T14:11:29","date_gmt":"2025-02-06T14:11:29","guid":{"rendered":"https:\/\/bandagevn.com\/?page_id=4850"},"modified":"2026-05-02T04:51:58","modified_gmt":"2026-05-02T04:51:58","slug":"about-us","status":"publish","type":"page","link":"https:\/\/bandagevn.com\/vi\/about-us\/","title":{"rendered":"V\u1ec1 ch\u00fang t\u00f4i"},"content":{"rendered":"<div data-elementor-type=\"wp-page\" data-elementor-id=\"4850\" class=\"elementor elementor-4850\" data-elementor-post-type=\"page\">\n\t\t\t\t<div class=\"elementor-element elementor-element-a83264d e-con-full e-flex wpr-particle-no wpr-jarallax-no wpr-parallax-no wpr-sticky-section-no wpr-equal-height-no e-con e-parent\" data-id=\"a83264d\" data-element_type=\"container\" data-e-type=\"container\">\n\t\t\t\t<div class=\"elementor-element elementor-element-31539db elementor-widget elementor-widget-html\" data-id=\"31539db\" data-element_type=\"widget\" data-e-type=\"widget\" data-widget_type=\"html.default\">\n\t\t\t\t<div class=\"elementor-widget-container\">\n\t\t\t\t\t<div class=\"leger-about-redesign\">\r\n\r\n  <!-- TOP BRAND INTRO -->\r\n  <section class=\"lar-intro\">\r\n    <div class=\"lar-intro-left\">\r\n      <span class=\"lar-eyebrow\">About L\u00c9GER<\/span>\r\n      <h1>Vietnamese womenswear, shaped with refinement.<\/h1>\r\n    <\/div>\r\n\r\n    <div class=\"lar-intro-right\">\r\n      <p>\r\n        Established in 2018, L\u00c9GER is a Vietnamese women\u2019s fashion brand built on elegance,\r\n        femininity, craftsmanship, and a modern creative spirit.\r\n      <\/p>\r\n\r\n      <div class=\"lar-meta\">\r\n        <div>\r\n          <span>Founded<\/span>\r\n          <strong>2018<\/strong>\r\n        <\/div>\r\n        <div>\r\n          <span>Origin<\/span>\r\n          <strong>Vietnam<\/strong>\r\n        <\/div>\r\n        <div>\r\n          <span>Focus<\/span>\r\n          <strong>Ready-to-wear<\/strong>\r\n        <\/div>\r\n      <\/div>\r\n    <\/div>\r\n  <\/section>\r\n\r\n  <!-- MAIN STORY -->\r\n  <section class=\"lar-section\">\r\n    <div class=\"lar-section-label\">\r\n      <span>01<\/span>\r\n      <p>Introduction<\/p>\r\n    <\/div>\r\n\r\n    <div class=\"lar-content\">\r\n      <div class=\"lar-lang-block\">\r\n        <span class=\"lar-lang\">VIE<\/span>\r\n\r\n        <h2>Gi\u1edbi thi\u1ec7u<\/h2>\r\n\r\n        <p>\r\n          T\u1ef1 h\u00e0o l\u00e0 th\u01b0\u01a1ng hi\u1ec7u th\u1eddi trang n\u1eef Vi\u1ec7t Nam \u0111\u01b0\u1ee3c th\u00e0nh l\u1eadp v\u00e0o n\u0103m 2018,\r\n          L\u00c9GER \u0111ang d\u1ea7n kh\u1eb3ng \u0111\u1ecbnh v\u1ecb th\u1ebf ri\u00eang tr\u00ean b\u1ea3n \u0111\u1ed3 th\u1eddi trang n\u1ed9i \u0111\u1ecba v\u00e0 qu\u1ed1c t\u1ebf.\r\n          V\u1edbi s\u1ee9 m\u1ec7nh mang \u0111\u1ebfn cho ph\u00e1i \u0111\u1eb9p nh\u1eefng b\u1ed9 trang ph\u1ee5c mang t\u00ednh sang tr\u1ecdng v\u00e0 tinh t\u1ebf,\r\n          L\u00c9GER kh\u00f4ng ng\u1eebng n\u1ed7 l\u1ef1c \u0111\u1ec3 chinh ph\u1ee5c nh\u1eefng t\u00edn \u0111\u1ed3 th\u1eddi trang kh\u00f3 t\u00ednh nh\u1ea5t.\r\n        <\/p>\r\n\r\n        <p>\r\n          T\u1eeb nh\u1eefng ng\u00e0y \u0111\u1ea7u th\u00e0nh l\u1eadp, L\u00c9GER \u0111\u00e3 x\u00e1c \u0111\u1ecbnh r\u00f5 m\u1ee5c ti\u00eau ph\u00e1t tri\u1ec3n b\u1ec1n v\u1eefng\r\n          d\u1ef1a tr\u00ean ba y\u1ebfu t\u1ed1 c\u1ed1t l\u00f5i: ch\u1ea5t l\u01b0\u1ee3ng, s\u00e1ng t\u1ea1o v\u00e0 tinh th\u1ea7n ph\u1ee5c v\u1ee5 kh\u00e1ch h\u00e0ng.\r\n          M\u1ed7i s\u1ea3n ph\u1ea9m \u0111\u1ec1u \u0111\u01b0\u1ee3c ch\u0103m ch\u00fat t\u1eeb kh\u00e2u thi\u1ebft k\u1ebf, l\u1ef1a ch\u1ecdn ch\u1ea5t li\u1ec7u \u0111\u1ebfn t\u1eebng \u0111\u01b0\u1eddng kim m\u0169i ch\u1ec9.\r\n        <\/p>\r\n\r\n        <p>\r\n          S\u00e1ng t\u1ea1o l\u00e0 linh h\u1ed3n t\u1ea1o n\u00ean s\u1ef1 kh\u00e1c bi\u1ec7t c\u1ee7a th\u01b0\u01a1ng hi\u1ec7u. M\u1ed7i b\u1ed9 s\u01b0u t\u1eadp \u0111\u1ec1u mang\r\n          trong m\u00ecnh m\u1ed9t c\u00e2u chuy\u1ec7n, m\u1ed9t h\u01a1i th\u1edf ri\u00eang, th\u1ec3 hi\u1ec7n qua t\u1eebng chi ti\u1ebft \u0111\u1ed9c \u0111\u00e1o\r\n          v\u00e0 phong c\u00e1ch thi\u1ebft k\u1ebf \u0111a d\u1ea1ng.\r\n        <\/p>\r\n      <\/div>\r\n\r\n      <div class=\"lar-lang-block\">\r\n        <span class=\"lar-lang\">ENG<\/span>\r\n\r\n        <h2>Self-introduction<\/h2>\r\n\r\n        <p>\r\n          Proudly established in 2018, L\u00c9GER is a Vietnamese women\u2019s fashion brand steadily\r\n          carving its own place across both domestic and international fashion landscapes.\r\n          With a mission to bring sophisticated and elegant attire to women, L\u00c9GER continues\r\n          to appeal to discerning fashion enthusiasts.\r\n        <\/p>\r\n\r\n        <p>\r\n          From the beginning, L\u00c9GER has been committed to sustainable development centered\r\n          around three core values: quality, creativity, and customer service. Each product\r\n          is carefully considered from design and material selection to every finishing detail.\r\n        <\/p>\r\n\r\n        <p>\r\n          Creativity is the essence that sets L\u00c9GER apart. Each collection carries its own story,\r\n          expressed through distinctive details, refined silhouettes, and a diverse design language.\r\n        <\/p>\r\n      <\/div>\r\n    <\/div>\r\n  <\/section>\r\n\r\n  <!-- VALUES -->\r\n  <section class=\"lar-values\">\r\n    <div class=\"lar-value\">\r\n      <span>01<\/span>\r\n      <h3>Quality<\/h3>\r\n      <p>\r\n        A meticulous approach to material, construction, silhouette, and finishing.\r\n      <\/p>\r\n    <\/div>\r\n\r\n    <div class=\"lar-value\">\r\n      <span>02<\/span>\r\n      <h3>Creativity<\/h3>\r\n      <p>\r\n        A distinct visual language carried through each collection and every detail.\r\n      <\/p>\r\n    <\/div>\r\n\r\n    <div class=\"lar-value\">\r\n      <span>03<\/span>\r\n      <h3>Service<\/h3>\r\n      <p>\r\n        A customer-first mindset that shapes every product and every interaction.\r\n      <\/p>\r\n    <\/div>\r\n  <\/section>\r\n\r\n  <!-- PHILOSOPHY -->\r\n  <section class=\"lar-section lar-philosophy-section\">\r\n    <div class=\"lar-section-label\">\r\n      <span>02<\/span>\r\n      <p>Philosophy<\/p>\r\n    <\/div>\r\n\r\n    <div class=\"lar-content lar-philosophy\">\r\n      <div class=\"lar-philosophy-title\">\r\n        <span>Brand inspiration<\/span>\r\n        <h2>Awake the muse inside you.<\/h2>\r\n      <\/div>\r\n\r\n      <div class=\"lar-philosophy-copy\">\r\n        <div class=\"lar-lang-block\">\r\n          <span class=\"lar-lang\">VIE<\/span>\r\n\r\n          <p>\r\n            \u201c\u0110\u00e1nh th\u1ee9c ngu\u1ed3n c\u1ea3m h\u1ee9ng b\u00ean trong b\u1ea1n\u201d l\u00e0 tri\u1ebft l\u00fd th\u1eddi trang m\u00e0 L\u00c9GER lu\u00f4n h\u01b0\u1edbng t\u1edbi.\r\n            Mang trong m\u00ecnh tinh th\u1ea7n c\u1edfi m\u1edf v\u00e0 hi\u1ec7n \u0111\u1ea1i c\u1ee7a th\u1ebf h\u1ec7 s\u00e1ng t\u1ea1o tr\u1ebb Vi\u1ec7t Nam,\r\n            L\u00c9GER \u0111\u00e3 x\u00e2y d\u1ef1ng n\u00ean d\u00f2ng s\u1ea3n ph\u1ea9m Ready-to-wear kh\u00f4ng ch\u1ec9 \u0111\u1eadm n\u00e9t n\u1eef t\u00ednh,\r\n            m\u00e0 c\u00f2n h\u00f2a quy\u1ec7n s\u1ef1 sang tr\u1ecdng v\u00e0 quy\u1ebfn r\u0169 qua t\u1eebng thi\u1ebft k\u1ebf c\u00f9ng k\u1ef9 thu\u1eadt may m\u1eb7c tinh x\u1ea3o.\r\n          <\/p>\r\n\r\n          <p>\r\n            L\u00c9GER tin r\u1eb1ng th\u1eddi trang kh\u00f4ng ch\u1ec9 l\u00e0 trang ph\u1ee5c, m\u00e0 c\u00f2n l\u00e0 ng\u00f4n ng\u1eef th\u1ec3 hi\u1ec7n c\u00e1 t\u00ednh\r\n            v\u00e0 phong c\u00e1ch ri\u00eang c\u1ee7a m\u1ed7i ng\u01b0\u1eddi.\r\n          <\/p>\r\n        <\/div>\r\n\r\n        <div class=\"lar-lang-block\">\r\n          <span class=\"lar-lang\">ENG<\/span>\r\n\r\n          <p>\r\n            The brand\u2019s designs are guided by its fashion philosophy: \u201cAwake the muse inside you.\u201d\r\n            Embracing the open-minded and modern spirit of Vietnam\u2019s young creative generation,\r\n            L\u00c9GER has crafted a ready-to-wear line that embodies femininity while blending elegance\r\n            and allure through meticulous design and tailoring techniques.\r\n          <\/p>\r\n\r\n          <p>\r\n            L\u00c9GER believes fashion is not merely clothing, but a language of individuality,\r\n            presence, and personal style.\r\n          <\/p>\r\n        <\/div>\r\n      <\/div>\r\n    <\/div>\r\n  <\/section>\r\n\r\n  <!-- CLOSING -->\r\n  <section class=\"lar-closing\">\r\n    <p>\r\n      L\u00c9GER continues to evolve with a commitment to creativity, refinement,\r\n      and a lasting sense of modern femininity.\r\n    <\/p>\r\n  <\/section>\r\n\r\n<\/div>\r\n\r\n<style>\r\n.leger-about-redesign{\r\n  width:100%;\r\n  background:transparent !important;\r\n  color:#111;\r\n  position:relative;\r\n  -webkit-font-smoothing:antialiased;\r\n  text-rendering:geometricPrecision;\r\n}\r\n\r\n.leger-about-redesign *,\r\n.leger-about-redesign *::before,\r\n.leger-about-redesign *::after{\r\n  box-sizing:border-box;\r\n}\r\n\r\n\/* GLOBAL *\/\r\n.lar-intro,\r\n.lar-section,\r\n.lar-values,\r\n.lar-closing{\r\n  max-width:1180px;\r\n  margin:0 auto;\r\n  padding-left:28px;\r\n  padding-right:28px;\r\n}\r\n\r\n\/* INTRO *\/\r\n.lar-intro{\r\n  display:grid;\r\n  grid-template-columns:minmax(0, 1.08fr) minmax(320px, .92fr);\r\n  gap:84px;\r\n  align-items:end;\r\n  padding-top:104px;\r\n  padding-bottom:82px;\r\n}\r\n\r\n.lar-eyebrow{\r\n  display:block;\r\n  margin-bottom:28px;\r\n  font-size:9.5px;\r\n  line-height:1.4;\r\n  letter-spacing:.24em;\r\n  text-transform:uppercase;\r\n  color:#8a8a8a;\r\n}\r\n\r\n.lar-intro h1{\r\n  margin:0;\r\n  max-width:660px;\r\n  font-size:clamp(34px, 4.8vw, 64px);\r\n  line-height:1.02;\r\n  font-weight:400;\r\n  letter-spacing:-.045em;\r\n  color:#111;\r\n}\r\n\r\n.lar-intro-right p{\r\n  margin:0;\r\n  max-width:500px;\r\n  font-size:13.5px;\r\n  line-height:1.9;\r\n  color:#666;\r\n}\r\n\r\n.lar-meta{\r\n  display:grid;\r\n  grid-template-columns:repeat(3, 1fr);\r\n  gap:0;\r\n  margin-top:34px;\r\n  border-top:1px solid rgba(17,17,17,.1);\r\n  border-bottom:1px solid rgba(17,17,17,.1);\r\n}\r\n\r\n.lar-meta div{\r\n  padding:18px 18px 18px 0;\r\n}\r\n\r\n.lar-meta div + div{\r\n  padding-left:18px;\r\n  border-left:1px solid rgba(17,17,17,.08);\r\n}\r\n\r\n.lar-meta span{\r\n  display:block;\r\n  margin-bottom:8px;\r\n  font-size:8.5px;\r\n  line-height:1;\r\n  letter-spacing:.18em;\r\n  text-transform:uppercase;\r\n  color:#999;\r\n}\r\n\r\n.lar-meta strong{\r\n  display:block;\r\n  font-size:12.5px;\r\n  line-height:1.4;\r\n  font-weight:400;\r\n  color:#111;\r\n}\r\n\r\n\/* SECTION *\/\r\n.lar-section{\r\n  display:grid;\r\n  grid-template-columns:190px minmax(0,1fr);\r\n  gap:72px;\r\n  padding-top:78px;\r\n  padding-bottom:78px;\r\n  border-top:1px solid rgba(17,17,17,.08);\r\n}\r\n\r\n.lar-section-label{\r\n  position:sticky;\r\n  top:96px;\r\n  align-self:start;\r\n}\r\n\r\n.lar-section-label span{\r\n  display:block;\r\n  margin-bottom:12px;\r\n  font-size:9px;\r\n  line-height:1;\r\n  letter-spacing:.2em;\r\n  text-transform:uppercase;\r\n  color:#999;\r\n}\r\n\r\n.lar-section-label p{\r\n  margin:0;\r\n  font-size:10px;\r\n  line-height:1.5;\r\n  letter-spacing:.18em;\r\n  text-transform:uppercase;\r\n  color:#777;\r\n}\r\n\r\n.lar-content{\r\n  display:grid;\r\n  grid-template-columns:1fr 1fr;\r\n  gap:62px;\r\n  align-items:start;\r\n}\r\n\r\n.lar-lang-block{\r\n  min-width:0;\r\n}\r\n\r\n.lar-lang{\r\n  display:inline-flex;\r\n  align-items:center;\r\n  min-height:21px;\r\n  margin-bottom:18px;\r\n  padding:0 8px;\r\n  border:1px solid rgba(17,17,17,.14);\r\n  font-size:9px;\r\n  line-height:1;\r\n  letter-spacing:.15em;\r\n  text-transform:uppercase;\r\n  color:#111;\r\n}\r\n\r\n.lar-lang-block h2{\r\n  margin:0 0 22px;\r\n  font-size:17px;\r\n  line-height:1.35;\r\n  font-weight:400;\r\n  letter-spacing:-.01em;\r\n  color:#111;\r\n}\r\n\r\n.lar-lang-block p{\r\n  margin:0 0 19px;\r\n  font-size:13px;\r\n  line-height:1.95;\r\n  font-weight:400;\r\n  color:#626262;\r\n}\r\n\r\n.lar-lang-block p:last-child{\r\n  margin-bottom:0;\r\n}\r\n\r\n\/* VALUES *\/\r\n.lar-values{\r\n  display:grid;\r\n  grid-template-columns:repeat(3,1fr);\r\n  gap:0;\r\n  padding-top:0;\r\n  padding-bottom:78px;\r\n}\r\n\r\n.lar-value{\r\n  min-height:184px;\r\n  padding:28px 26px;\r\n  border:1px solid rgba(17,17,17,.08);\r\n  background:transparent !important;\r\n}\r\n\r\n.lar-value + .lar-value{\r\n  border-left:0;\r\n}\r\n\r\n.lar-value span{\r\n  display:block;\r\n  margin-bottom:40px;\r\n  font-size:9px;\r\n  line-height:1;\r\n  letter-spacing:.18em;\r\n  text-transform:uppercase;\r\n  color:#999;\r\n}\r\n\r\n.lar-value h3{\r\n  margin:0 0 12px;\r\n  font-size:17px;\r\n  line-height:1.25;\r\n  font-weight:400;\r\n  letter-spacing:-.01em;\r\n  color:#111;\r\n}\r\n\r\n.lar-value p{\r\n  margin:0;\r\n  max-width:250px;\r\n  font-size:12.7px;\r\n  line-height:1.78;\r\n  color:#666;\r\n}\r\n\r\n\/* PHILOSOPHY *\/\r\n.lar-philosophy-section{\r\n  padding-top:82px;\r\n}\r\n\r\n.lar-philosophy{\r\n  grid-template-columns:1fr;\r\n  gap:48px;\r\n}\r\n\r\n.lar-philosophy-title{\r\n  max-width:720px;\r\n}\r\n\r\n.lar-philosophy-title span{\r\n  display:block;\r\n  margin-bottom:18px;\r\n  font-size:9px;\r\n  line-height:1;\r\n  letter-spacing:.2em;\r\n  text-transform:uppercase;\r\n  color:#999;\r\n}\r\n\r\n.lar-philosophy-title h2{\r\n  margin:0;\r\n  font-size:clamp(30px, 4.2vw, 54px);\r\n  line-height:1.03;\r\n  font-weight:400;\r\n  letter-spacing:-.045em;\r\n  color:#111;\r\n}\r\n\r\n.lar-philosophy-copy{\r\n  display:grid;\r\n  grid-template-columns:1fr 1fr;\r\n  gap:62px;\r\n}\r\n\r\n\/* CLOSING *\/\r\n.lar-closing{\r\n  padding-top:0;\r\n  padding-bottom:104px;\r\n}\r\n\r\n.lar-closing p{\r\n  margin:0;\r\n  padding-top:56px;\r\n  border-top:1px solid rgba(17,17,17,.08);\r\n  max-width:680px;\r\n  font-size:24px;\r\n  line-height:1.28;\r\n  font-weight:400;\r\n  letter-spacing:-.025em;\r\n  color:#111;\r\n}\r\n\r\n\/* TABLET *\/\r\n@media (max-width:1024px){\r\n  .lar-intro{\r\n    grid-template-columns:1fr;\r\n    gap:42px;\r\n    align-items:start;\r\n  }\r\n\r\n  .lar-section{\r\n    grid-template-columns:1fr;\r\n    gap:38px;\r\n  }\r\n\r\n  .lar-section-label{\r\n    position:relative;\r\n    top:auto;\r\n  }\r\n\r\n  .lar-content,\r\n  .lar-philosophy-copy{\r\n    gap:42px;\r\n  }\r\n\r\n  .lar-values{\r\n    grid-template-columns:1fr;\r\n  }\r\n\r\n  .lar-value + .lar-value{\r\n    border-left:1px solid rgba(17,17,17,.08);\r\n    border-top:0;\r\n  }\r\n\r\n  .lar-value{\r\n    min-height:auto;\r\n  }\r\n\r\n  .lar-value span{\r\n    margin-bottom:28px;\r\n  }\r\n}\r\n\r\n\/* MOBILE *\/\r\n@media (max-width:767px){\r\n  .lar-intro,\r\n  .lar-section,\r\n  .lar-values,\r\n  .lar-closing{\r\n    padding-left:18px;\r\n    padding-right:18px;\r\n  }\r\n\r\n  .lar-intro{\r\n    padding-top:72px;\r\n    padding-bottom:58px;\r\n    gap:32px;\r\n  }\r\n\r\n  .lar-eyebrow{\r\n    margin-bottom:20px;\r\n    font-size:9px;\r\n    letter-spacing:.2em;\r\n  }\r\n\r\n  .lar-intro h1{\r\n    font-size:32px;\r\n    line-height:1.06;\r\n    letter-spacing:-.035em;\r\n  }\r\n\r\n  .lar-intro-right p{\r\n    font-size:13px;\r\n    line-height:1.82;\r\n  }\r\n\r\n  .lar-meta{\r\n    grid-template-columns:1fr;\r\n    margin-top:28px;\r\n  }\r\n\r\n  .lar-meta div{\r\n    padding:15px 0;\r\n  }\r\n\r\n  .lar-meta div + div{\r\n    padding-left:0;\r\n    border-left:0;\r\n    border-top:1px solid rgba(17,17,17,.08);\r\n  }\r\n\r\n  .lar-section{\r\n    padding-top:58px;\r\n    padding-bottom:58px;\r\n    gap:32px;\r\n  }\r\n\r\n  .lar-section-label span{\r\n    margin-bottom:9px;\r\n  }\r\n\r\n  .lar-section-label p{\r\n    font-size:9.5px;\r\n  }\r\n\r\n  .lar-content,\r\n  .lar-philosophy-copy{\r\n    grid-template-columns:1fr;\r\n    gap:38px;\r\n  }\r\n\r\n  .lar-lang{\r\n    margin-bottom:16px;\r\n  }\r\n\r\n  .lar-lang-block h2{\r\n    margin-bottom:18px;\r\n    font-size:16px;\r\n  }\r\n\r\n  .lar-lang-block p{\r\n    margin-bottom:17px;\r\n    font-size:12.8px;\r\n    line-height:1.84;\r\n  }\r\n\r\n  .lar-values{\r\n    padding-bottom:58px;\r\n  }\r\n\r\n  .lar-value{\r\n    padding:24px 20px;\r\n  }\r\n\r\n  .lar-value h3{\r\n    font-size:16.5px;\r\n  }\r\n\r\n  .lar-value p{\r\n    font-size:12.6px;\r\n  }\r\n\r\n  .lar-philosophy-section{\r\n    padding-top:60px;\r\n  }\r\n\r\n  .lar-philosophy-title h2{\r\n    font-size:31px;\r\n    line-height:1.05;\r\n  }\r\n\r\n  .lar-closing{\r\n    padding-bottom:80px;\r\n  }\r\n\r\n  .lar-closing p{\r\n    padding-top:42px;\r\n    font-size:21px;\r\n    line-height:1.32;\r\n  }\r\n}\r\n<\/style>\t\t\t\t<\/div>\n\t\t\t\t<\/div>\n\t\t\t\t<\/div>\n\t\t\t\t<\/div>","protected":false},"excerpt":{"rendered":"<p>About L\u00c9GER Vietnamese womenswear, shaped with refinement. Established in 2018, L\u00c9GER is a Vietnamese women\u2019s fashion brand built on elegance, femininity, craftsmanship, and a modern creative spirit. Founded 2018 Origin Vietnam Focus Ready-to-wear 01 Introduction VIE Gi\u1edbi thi\u1ec7u T\u1ef1 h\u00e0o l\u00e0 th\u01b0\u01a1ng hi\u1ec7u th\u1eddi trang n\u1eef Vi\u1ec7t Nam \u0111\u01b0\u1ee3c th\u00e0nh l\u1eadp v\u00e0o n\u0103m 2018, L\u00c9GER \u0111ang d\u1ea7n kh\u1eb3ng \u0111\u1ecbnh v\u1ecb th\u1ebf ri\u00eang tr\u00ean b\u1ea3n \u0111\u1ed3 th\u1eddi trang n\u1ed9i \u0111\u1ecba v\u00e0 qu\u1ed1c t\u1ebf. V\u1edbi s\u1ee9 m\u1ec7nh mang \u0111\u1ebfn cho ph\u00e1i \u0111\u1eb9p nh\u1eefng b\u1ed9 trang ph\u1ee5c mang t\u00ednh sang tr\u1ecdng v\u00e0 tinh t\u1ebf, L\u00c9GER kh\u00f4ng ng\u1eebng n\u1ed7 l\u1ef1c \u0111\u1ec3 chinh ph\u1ee5c nh\u1eefng t\u00edn \u0111\u1ed3 th\u1eddi trang kh\u00f3 t\u00ednh nh\u1ea5t. T\u1eeb nh\u1eefng ng\u00e0y \u0111\u1ea7u th\u00e0nh l\u1eadp, L\u00c9GER \u0111\u00e3 x\u00e1c \u0111\u1ecbnh r\u00f5 m\u1ee5c ti\u00eau ph\u00e1t tri\u1ec3n b\u1ec1n v\u1eefng d\u1ef1a tr\u00ean ba y\u1ebfu t\u1ed1 c\u1ed1t l\u00f5i: ch\u1ea5t l\u01b0\u1ee3ng, s\u00e1ng t\u1ea1o v\u00e0 tinh th\u1ea7n ph\u1ee5c v\u1ee5 kh\u00e1ch h\u00e0ng. M\u1ed7i s\u1ea3n ph\u1ea9m \u0111\u1ec1u \u0111\u01b0\u1ee3c ch\u0103m ch\u00fat t\u1eeb kh\u00e2u thi\u1ebft k\u1ebf, l\u1ef1a ch\u1ecdn ch\u1ea5t li\u1ec7u \u0111\u1ebfn t\u1eebng \u0111\u01b0\u1eddng kim m\u0169i ch\u1ec9. S\u00e1ng t\u1ea1o l\u00e0 linh h\u1ed3n t\u1ea1o n\u00ean s\u1ef1 kh\u00e1c bi\u1ec7t c\u1ee7a th\u01b0\u01a1ng hi\u1ec7u. M\u1ed7i b\u1ed9 s\u01b0u t\u1eadp \u0111\u1ec1u mang trong m\u00ecnh m\u1ed9t c\u00e2u chuy\u1ec7n, m\u1ed9t h\u01a1i th\u1edf ri\u00eang, th\u1ec3 hi\u1ec7n qua t\u1eebng chi ti\u1ebft \u0111\u1ed9c \u0111\u00e1o v\u00e0 phong c\u00e1ch thi\u1ebft k\u1ebf \u0111a d\u1ea1ng. ENG Self-introduction Proudly established in 2018, L\u00c9GER is a Vietnamese women\u2019s fashion brand steadily carving its own place across both domestic and international fashion landscapes. With a mission to bring sophisticated and elegant attire to women, L\u00c9GER continues to appeal to discerning fashion enthusiasts. From the beginning, L\u00c9GER has been committed to sustainable development centered around three core values: quality, creativity, and customer service. Each product is carefully considered from design and material selection to every finishing detail. Creativity is the essence that sets L\u00c9GER apart. Each collection carries its own story, expressed through distinctive details, refined silhouettes, and a diverse design language. 01 Quality A meticulous approach to material, construction, silhouette, and finishing. 02 Creativity A distinct visual language carried through each collection and every detail. 03 Service A customer-first mindset that shapes every product and every interaction. 02 Philosophy Brand inspiration Awake the muse inside you. VIE \u201c\u0110\u00e1nh th\u1ee9c ngu\u1ed3n c\u1ea3m h\u1ee9ng b\u00ean trong b\u1ea1n\u201d l\u00e0 tri\u1ebft l\u00fd th\u1eddi trang m\u00e0 L\u00c9GER lu\u00f4n h\u01b0\u1edbng t\u1edbi. Mang trong m\u00ecnh tinh th\u1ea7n c\u1edfi m\u1edf v\u00e0 hi\u1ec7n \u0111\u1ea1i c\u1ee7a th\u1ebf h\u1ec7 s\u00e1ng t\u1ea1o tr\u1ebb Vi\u1ec7t Nam, L\u00c9GER \u0111\u00e3 x\u00e2y d\u1ef1ng n\u00ean d\u00f2ng s\u1ea3n ph\u1ea9m Ready-to-wear kh\u00f4ng ch\u1ec9 \u0111\u1eadm n\u00e9t n\u1eef t\u00ednh, m\u00e0 c\u00f2n h\u00f2a quy\u1ec7n s\u1ef1 sang tr\u1ecdng v\u00e0 quy\u1ebfn r\u0169 qua t\u1eebng thi\u1ebft k\u1ebf c\u00f9ng k\u1ef9 thu\u1eadt may m\u1eb7c tinh x\u1ea3o. L\u00c9GER tin r\u1eb1ng th\u1eddi trang kh\u00f4ng ch\u1ec9 l\u00e0 trang ph\u1ee5c, m\u00e0 c\u00f2n l\u00e0 ng\u00f4n ng\u1eef th\u1ec3 hi\u1ec7n c\u00e1 t\u00ednh v\u00e0 phong c\u00e1ch ri\u00eang c\u1ee7a m\u1ed7i ng\u01b0\u1eddi. ENG The brand\u2019s designs are guided by its fashion philosophy: \u201cAwake the muse inside you.\u201d Embracing the open-minded and modern spirit of Vietnam\u2019s young creative generation, L\u00c9GER has crafted a ready-to-wear line that embodies femininity while blending elegance and allure through meticulous design and tailoring techniques. L\u00c9GER believes fashion is not merely clothing, but a language of individuality, presence, and personal style. L\u00c9GER continues to evolve with a commitment to creativity, refinement, and a lasting sense of modern femininity.<\/p>","protected":false},"author":1,"featured_media":0,"parent":0,"menu_order":0,"comment_status":"closed","ping_status":"closed","template":"elementor_header_footer","meta":{"footnotes":""},"class_list":["post-4850","page","type-page","status-publish","hentry"],"_links":{"self":[{"href":"https:\/\/bandagevn.com\/vi\/wp-json\/wp\/v2\/pages\/4850","targetHints":{"allow":["GET"]}}],"collection":[{"href":"https:\/\/bandagevn.com\/vi\/wp-json\/wp\/v2\/pages"}],"about":[{"href":"https:\/\/bandagevn.com\/vi\/wp-json\/wp\/v2\/types\/page"}],"author":[{"embeddable":true,"href":"https:\/\/bandagevn.com\/vi\/wp-json\/wp\/v2\/users\/1"}],"replies":[{"embeddable":true,"href":"https:\/\/bandagevn.com\/vi\/wp-json\/wp\/v2\/comments?post=4850"}],"version-history":[{"count":43,"href":"https:\/\/bandagevn.com\/vi\/wp-json\/wp\/v2\/pages\/4850\/revisions"}],"predecessor-version":[{"id":16552,"href":"https:\/\/bandagevn.com\/vi\/wp-json\/wp\/v2\/pages\/4850\/revisions\/16552"}],"wp:attachment":[{"href":"https:\/\/bandagevn.com\/vi\/wp-json\/wp\/v2\/media?parent=4850"}],"curies":[{"name":"wp","href":"https:\/\/api.w.org\/{rel}","templated":true}]}}