{"id":6412,"date":"2024-05-28T08:31:55","date_gmt":"2024-05-28T08:31:55","guid":{"rendered":"https:\/\/bandagevn.com\/?page_id=6412"},"modified":"2025-09-10T16:23:12","modified_gmt":"2025-09-10T16:23:12","slug":"skirts","status":"publish","type":"page","link":"https:\/\/bandagevn.com\/vi\/skirts\/","title":{"rendered":"V\u00c1Y NG\u1eaeN"},"content":{"rendered":"<div data-elementor-type=\"wp-page\" data-elementor-id=\"6412\" class=\"elementor elementor-6412\" data-elementor-post-type=\"page\">\n\t\t\t\t<div class=\"elementor-element elementor-element-ed55712 e-con-full e-flex wpr-particle-no wpr-jarallax-no wpr-parallax-no wpr-sticky-section-no wpr-equal-height-no e-con e-parent\" data-id=\"ed55712\" data-element_type=\"container\" data-e-type=\"container\">\n\t\t\t\t<div class=\"elementor-element elementor-element-7efdad0 elementor-widget elementor-widget-shortcode\" data-id=\"7efdad0\" data-element_type=\"widget\" data-e-type=\"widget\" data-widget_type=\"shortcode.default\">\n\t\t\t\t\t\t\t<div class=\"elementor-shortcode\"><div class=\"woocommerce columns-4\">        <div class=\"qa-fanci-toolbar qaft-v121\" role=\"region\" aria-label=\"Product toolbar\">\n            <div class=\"qaft-side qaft-left\">\n                <details class=\"qaft-details\">\n                  <summary class=\"qaft-btn\" data-no-translation=\"\" data-trp-gettext=\"\">S\u1eafp x\u1ebfp theo<\/summary>\n                  <form class=\"qaft-radio-list\" method=\"get\" action=\"\" data-trp-original-action=\"\">\n                                          <label for=\"qaft-order-menu_order\" class=\"qaft-radio\">\n                        <input type=\"radio\" id=\"qaft-order-menu_order\" name=\"orderby\" value=\"menu_order\" checked>\n                        <span class=\"qaft-radio-text\" data-no-translation=\"\" data-trp-gettext=\"\">M\u1eb7c \u0111\u1ecbnh<\/span>\n                      <\/label>\n                                          <label for=\"qaft-order-popularity\" class=\"qaft-radio\">\n                        <input type=\"radio\" id=\"qaft-order-popularity\" name=\"orderby\" value=\"popularity\" >\n                        <span class=\"qaft-radio-text\" data-no-translation=\"\" data-trp-gettext=\"\">Ph\u1ed5 bi\u1ebfn<\/span>\n                      <\/label>\n                                          <label for=\"qaft-order-rating\" class=\"qaft-radio\">\n                        <input type=\"radio\" id=\"qaft-order-rating\" name=\"orderby\" value=\"rating\" >\n                        <span class=\"qaft-radio-text\" data-no-translation=\"\" data-trp-gettext=\"\">\u0110\u00e1nh gi\u00e1 trung b\u00ecnh<\/span>\n                      <\/label>\n                                          <label for=\"qaft-order-date\" class=\"qaft-radio\">\n                        <input type=\"radio\" id=\"qaft-order-date\" name=\"orderby\" value=\"date\" >\n                        <span class=\"qaft-radio-text\" data-no-translation=\"\" data-trp-gettext=\"\">M\u1edbi nh\u1ea5t<\/span>\n                      <\/label>\n                                          <label for=\"qaft-order-price\" class=\"qaft-radio\">\n                        <input type=\"radio\" id=\"qaft-order-price\" name=\"orderby\" value=\"price\" >\n                        <span class=\"qaft-radio-text\" data-no-translation=\"\" data-trp-gettext=\"\">Price: Low to High<\/span>\n                      <\/label>\n                                          <label for=\"qaft-order-price-desc\" class=\"qaft-radio\">\n                        <input type=\"radio\" id=\"qaft-order-price-desc\" name=\"orderby\" value=\"price-desc\" >\n                        <span class=\"qaft-radio-text\" data-no-translation=\"\" data-trp-gettext=\"\">Price: High to Low<\/span>\n                      <\/label>\n                                                            <button type=\"submit\" class=\"qaft-apply\" data-no-translation=\"\" data-trp-gettext=\"\">\u00c1p d\u1ee5ng<\/button>\n                  <input type=\"hidden\" name=\"trp-form-language\" value=\"vi\"\/><\/form>\n                <\/details>\n            <\/div>\n\n            <div class=\"qaft-center\">\n                                    <div class=\"qaft-title\">Skirt<\/div>\n                                <div class=\"qaft-count\">1 product<\/div>\n            <\/div>\n\n            <div class=\"qaft-side qaft-right\">\n                <a href=\"#\" class=\"qaft-btn qaft-filter-toggle\" data-no-translation=\"\" data-trp-gettext=\"\">L\u1ecdc<\/a>\n            <\/div>\n        <\/div>\n        <div class=\"woocommerce-notices-wrapper\"><\/div><ul class=\"products columns-4\">\n<li class=\"product type-product post-17033 status-publish first instock product_cat-eclanova product_cat-set product_cat-skirt has-post-thumbnail taxable shipping-taxable purchasable product-type-variable\">\n\t<div style=\"\" id=\"ws247-piew-product-17033\" class=\"ws247-piew-hover\"><a href=\"https:\/\/bandagevn.com\/vi\/san-pham\/starlit-mirage-gown-skirt\/\" class=\"woocommerce-LoopProduct-link woocommerce-loop-product__link\"><div class=\"ws247-piew-imgs-container\"><img fetchpriority=\"high\" decoding=\"async\" width=\"1707\" height=\"2560\" src=\"https:\/\/bandagevn.com\/wp-content\/uploads\/2025\/11\/\ud835\udc12\ud835\udc13\ud835\udc00\ud835\udc11\ud835\udc0b\ud835\udc08\ud835\udc13-\ud835\udc0c\ud835\udc08\ud835\udc11\ud835\udc00\ud835\udc06\ud835\udc04-\ud835\udc06\ud835\udc0e\ud835\udc16\ud835\udc0d-Dam-4.590.000-Chan-vay-3.1905.jpg\" class=\"attachment-woocommerce_thumbnail size-woocommerce_thumbnail\" alt=\"Starlit Mirage Gown Skirt\" srcset=\"https:\/\/bandagevn.com\/wp-content\/uploads\/2025\/11\/\ud835\udc12\ud835\udc13\ud835\udc00\ud835\udc11\ud835\udc0b\ud835\udc08\ud835\udc13-\ud835\udc0c\ud835\udc08\ud835\udc11\ud835\udc00\ud835\udc06\ud835\udc04-\ud835\udc06\ud835\udc0e\ud835\udc16\ud835\udc0d-Dam-4.590.000-Chan-vay-3.1905.jpg 1707w, https:\/\/bandagevn.com\/wp-content\/uploads\/2025\/11\/\ud835\udc12\ud835\udc13\ud835\udc00\ud835\udc11\ud835\udc0b\ud835\udc08\ud835\udc13-\ud835\udc0c\ud835\udc08\ud835\udc11\ud835\udc00\ud835\udc06\ud835\udc04-\ud835\udc06\ud835\udc0e\ud835\udc16\ud835\udc0d-Dam-4.590.000-Chan-vay-3.1905-200x300.jpg 200w, https:\/\/bandagevn.com\/wp-content\/uploads\/2025\/11\/\ud835\udc12\ud835\udc13\ud835\udc00\ud835\udc11\ud835\udc0b\ud835\udc08\ud835\udc13-\ud835\udc0c\ud835\udc08\ud835\udc11\ud835\udc00\ud835\udc06\ud835\udc04-\ud835\udc06\ud835\udc0e\ud835\udc16\ud835\udc0d-Dam-4.590.000-Chan-vay-3.1905-683x1024.jpg 683w, https:\/\/bandagevn.com\/wp-content\/uploads\/2025\/11\/\ud835\udc12\ud835\udc13\ud835\udc00\ud835\udc11\ud835\udc0b\ud835\udc08\ud835\udc13-\ud835\udc0c\ud835\udc08\ud835\udc11\ud835\udc00\ud835\udc06\ud835\udc04-\ud835\udc06\ud835\udc0e\ud835\udc16\ud835\udc0d-Dam-4.590.000-Chan-vay-3.1905-768x1152.jpg 768w, https:\/\/bandagevn.com\/wp-content\/uploads\/2025\/11\/\ud835\udc12\ud835\udc13\ud835\udc00\ud835\udc11\ud835\udc0b\ud835\udc08\ud835\udc13-\ud835\udc0c\ud835\udc08\ud835\udc11\ud835\udc00\ud835\udc06\ud835\udc04-\ud835\udc06\ud835\udc0e\ud835\udc16\ud835\udc0d-Dam-4.590.000-Chan-vay-3.1905-1024x1536.jpg 1024w, https:\/\/bandagevn.com\/wp-content\/uploads\/2025\/11\/\ud835\udc12\ud835\udc13\ud835\udc00\ud835\udc11\ud835\udc0b\ud835\udc08\ud835\udc13-\ud835\udc0c\ud835\udc08\ud835\udc11\ud835\udc00\ud835\udc06\ud835\udc04-\ud835\udc06\ud835\udc0e\ud835\udc16\ud835\udc0d-Dam-4.590.000-Chan-vay-3.1905-1366x2048.jpg 1366w, https:\/\/bandagevn.com\/wp-content\/uploads\/2025\/11\/\ud835\udc12\ud835\udc13\ud835\udc00\ud835\udc11\ud835\udc0b\ud835\udc08\ud835\udc13-\ud835\udc0c\ud835\udc08\ud835\udc11\ud835\udc00\ud835\udc06\ud835\udc04-\ud835\udc06\ud835\udc0e\ud835\udc16\ud835\udc0d-Dam-4.590.000-Chan-vay-3.1905-8x12.jpg 8w, https:\/\/bandagevn.com\/wp-content\/uploads\/2025\/11\/\ud835\udc12\ud835\udc13\ud835\udc00\ud835\udc11\ud835\udc0b\ud835\udc08\ud835\udc13-\ud835\udc0c\ud835\udc08\ud835\udc11\ud835\udc00\ud835\udc06\ud835\udc04-\ud835\udc06\ud835\udc0e\ud835\udc16\ud835\udc0d-Dam-4.590.000-Chan-vay-3.1905-64x96.jpg 64w\" sizes=\"(max-width: 1707px) 100vw, 1707px\" \/><img decoding=\"async\" src=\"https:\/\/bandagevn.com\/wp-content\/uploads\/2025\/11\/\ud835\udc12\ud835\udc13\ud835\udc00\ud835\udc11\ud835\udc0b\ud835\udc08\ud835\udc13-\ud835\udc0c\ud835\udc08\ud835\udc11\ud835\udc00\ud835\udc06\ud835\udc04-\ud835\udc06\ud835\udc0e\ud835\udc16\ud835\udc0d-Dam-4.590.000-Chan-vay-3.1904.jpg\" alt=\"Starlit Mirage Gown Skirt\" class=\"ws-hover-img\" \/><\/div><!-- .ws247-piew-imgs-container --><h2 class=\"woocommerce-loop-product__title\">Starlit Mirage Gown Skirt<\/h2>\n\t<span class=\"price\"><span class=\"wcpbc-price wcpbc-price-17033\" data-product-id=\"17033\"><span class=\"woocommerce-Price-amount amount\" aria-hidden=\"true\"><bdi>3.190.000&nbsp;<span class=\"woocommerce-Price-currencySymbol\">&#8363;<\/span><\/bdi><\/span> <span aria-hidden=\"true\">&ndash;<\/span> <span class=\"woocommerce-Price-amount amount\" aria-hidden=\"true\"><bdi>4.147.000&nbsp;<span class=\"woocommerce-Price-currencySymbol\">&#8363;<\/span><\/bdi><\/span><span class=\"screen-reader-text\" data-no-translation=\"\" data-trp-gettext=\"\">Kho\u1ea3ng gi\u00e1: t\u1eeb 3.190.000&nbsp;&#8363; \u0111\u1ebfn 4.147.000&nbsp;&#8363;<\/span><\/span><\/span>\n<\/a><a href=\"https:\/\/bandagevn.com\/vi\/san-pham\/starlit-mirage-gown-skirt\/\" aria-describedby=\"woocommerce_loop_add_to_cart_link_describedby_17033\" data-quantity=\"1\" class=\"button product_type_variable add_to_cart_button cfvsw_ajax_add_to_cart ws247_piew_atc\" data-product_id=\"17033\" data-product_sku=\"\" aria-label=\"L\u1ef1a ch\u1ecdn cho \u201cStarlit Mirage Gown Skirt\u201d\" rel=\"nofollow\" data-add_to_cart_text=\"Add to Cart\" data-select_options_text=\"L\u1ef1a ch\u1ecdn t\u00f9y ch\u1ecdn\" data-no-translation=\"\" data-trp-gettext=\"\" data-no-translation-aria-label=\"\" data-no-translation-data-select_options_text=\"\">L\u1ef1a ch\u1ecdn t\u00f9y ch\u1ecdn<\/a>\t<span id=\"woocommerce_loop_add_to_cart_link_describedby_17033\" class=\"screen-reader-text\">\n\t\tS\u1ea3n ph\u1ea9m n\u00e0y c\u00f3 nhi\u1ec1u bi\u1ebfn th\u1ec3. C\u00e1c t\u00f9y ch\u1ecdn c\u00f3 th\u1ec3 \u0111\u01b0\u1ee3c ch\u1ecdn tr\u00ean trang s\u1ea3n ph\u1ea9m\t<\/span>\n<\/div><\/li>\n<\/ul>\n<\/div>\n<\/div>\n\t\t\t\t\t\t<\/div>\n\t\t\t\t<\/div>\n\t\t\t\t<\/div>","protected":false},"excerpt":{"rendered":"","protected":false},"author":1,"featured_media":0,"parent":0,"menu_order":0,"comment_status":"closed","ping_status":"closed","template":"elementor_canvas","meta":{"footnotes":""},"class_list":["post-6412","page","type-page","status-publish","hentry"],"_links":{"self":[{"href":"https:\/\/bandagevn.com\/vi\/wp-json\/wp\/v2\/pages\/6412","targetHints":{"allow":["GET"]}}],"collection":[{"href":"https:\/\/bandagevn.com\/vi\/wp-json\/wp\/v2\/pages"}],"about":[{"href":"https:\/\/bandagevn.com\/vi\/wp-json\/wp\/v2\/types\/page"}],"author":[{"embeddable":true,"href":"https:\/\/bandagevn.com\/vi\/wp-json\/wp\/v2\/users\/1"}],"replies":[{"embeddable":true,"href":"https:\/\/bandagevn.com\/vi\/wp-json\/wp\/v2\/comments?post=6412"}],"version-history":[{"count":4,"href":"https:\/\/bandagevn.com\/vi\/wp-json\/wp\/v2\/pages\/6412\/revisions"}],"predecessor-version":[{"id":15872,"href":"https:\/\/bandagevn.com\/vi\/wp-json\/wp\/v2\/pages\/6412\/revisions\/15872"}],"wp:attachment":[{"href":"https:\/\/bandagevn.com\/vi\/wp-json\/wp\/v2\/media?parent=6412"}],"curies":[{"name":"wp","href":"https:\/\/api.w.org\/{rel}","templated":true}]}}